{"id":693,"date":"2016-03-10T20:35:16","date_gmt":"2016-03-10T20:35:16","guid":{"rendered":"http:\/\/libembalagens.com.br\/site\/?page_id=693"},"modified":"2025-07-16T22:54:36","modified_gmt":"2025-07-17T01:54:36","slug":"home","status":"publish","type":"page","link":"https:\/\/libembalagens.com.br\/site\/","title":{"rendered":"Home"},"content":{"rendered":"<h1 style=\"text-align: center;\"><img loading=\"lazy\" decoding=\"async\" class=\"alignnone size-thumbnail wp-image-1431 alignleft\" src=\"https:\/\/libembalagens.com.br\/site\/\/wp-content\/uploads\/2017\/06\/trabalhe-conosco1-150x150.png\" alt=\"Sacolas Personalizadas\" width=\"150\" height=\"150\" \/>Lib Embalagens\u00a0Personalizadas<\/h1>\n<p style=\"text-align: center;\">A <a href=\"https:\/\/libembalagens.com.br\/site\/\">Lib Embalagens<\/a> proporciona solu\u00e7\u00f5es espec\u00edficas para cada necessidade de seus clientes. Desde simples sacolas personalizadas destinadas ao varejo at\u00e9 embalagens de maior complexidade quanto aos tipos de acabamentos selecionados pelo cliente. Nosso compromisso com a satisfa\u00e7\u00e3o dos clientes \u00e9 cont\u00ednuo, da concep\u00e7\u00e3o \u00e0 confec\u00e7\u00e3o dos produtos. Solu\u00e7\u00f5es em embalagens e sacola de papel personalizadas para atender aos mais variados tipos de neg\u00f3cio, como moda e acess\u00f3rios, enxovais, sa\u00fade e bem-estar, cal\u00e7ados, eletroeletr\u00f4nico, eventos e feiras, bebidas. Estamos a disposi\u00e7\u00e3o para ajudar voc\u00ea a valorizar o seu produto cada vez mais.<\/p>\n<p>&nbsp;<\/p>\n<p>&nbsp;<\/p>\n<h2 style=\"text-align: center;\">Sacolas de Papel Personalizadas<\/h2>\n<div class=\"list-act\">\n<p><img loading=\"lazy\" decoding=\"async\" class=\"alignnone size-full wp-image-36014\" src=\"https:\/\/libembalagens.com.br\/site\/\/wp-content\/uploads\/2025\/06\/Moda-e-acess\u00f3rios-Cor-site.png\" alt=\"\" width=\"200\" height=\"200\" \/><br \/>\nModa e Acess\u00f3rios<\/p>\n<p><img loading=\"lazy\" decoding=\"async\" class=\"alignnone size-full wp-image-36008\" src=\"https:\/\/libembalagens.com.br\/site\/\/wp-content\/uploads\/2016\/03\/Feiras-e-eventos-Cor-site-1.png\" alt=\"\" width=\"200\" height=\"200\" \/><br \/>\nFeiras e Eventos<\/p>\n<p><img loading=\"lazy\" decoding=\"async\" class=\"alignnone size-full wp-image-36007\" src=\"https:\/\/libembalagens.com.br\/site\/\/wp-content\/uploads\/2016\/03\/Cal\u00e7ados-Cor-site.png\" alt=\"\" width=\"200\" height=\"200\" \/><br \/>\nCal\u00e7ados<\/p>\n<p><img loading=\"lazy\" decoding=\"async\" class=\"alignnone size-full wp-image-36009\" src=\"https:\/\/libembalagens.com.br\/site\/\/wp-content\/uploads\/2016\/03\/Cosm\u00e9ticos-Cor-site.png\" alt=\"\" width=\"200\" height=\"200\" \/><br \/>\nCosm\u00e9ticos<\/p>\n<p><img loading=\"lazy\" decoding=\"async\" class=\"alignnone size-full wp-image-36010\" src=\"https:\/\/libembalagens.com.br\/site\/\/wp-content\/uploads\/2016\/03\/\u00d3ticas-Cor-site.png\" alt=\"\" width=\"200\" height=\"200\" \/><br \/>\n\u00d3ticas<\/p>\n<p><img loading=\"lazy\" decoding=\"async\" class=\"alignnone size-full wp-image-36011\" src=\"https:\/\/libembalagens.com.br\/site\/\/wp-content\/uploads\/2016\/03\/Bijuterias-Cor-site.png\" alt=\"\" width=\"200\" height=\"200\" \/><br \/>\nBijuterias<\/p>\n<\/div>\n","protected":false},"excerpt":{"rendered":"<p>Lib Embalagens\u00a0Personalizadas A Lib Embalagens proporciona solu\u00e7\u00f5es espec\u00edficas para cada necessidade de seus clientes. Desde simples sacolas personalizadas destinadas ao varejo at\u00e9 embalagens de maior complexidade quanto aos tipos de acabamentos selecionados pelo cliente. Nosso compromisso com a satisfa\u00e7\u00e3o dos clientes \u00e9 cont\u00ednuo, da concep\u00e7\u00e3o \u00e0 confec\u00e7\u00e3o dos produtos. Solu\u00e7\u00f5es em embalagens e sacola de [&hellip;]<\/p>\n","protected":false},"author":2,"featured_media":0,"parent":0,"menu_order":0,"comment_status":"closed","ping_status":"closed","template":"page-templates\/editpage.php","meta":{"_joinchat":[],"footnotes":""},"class_list":["post-693","page","type-page","status-publish","hentry"],"yoast_head":"<!-- This site is optimized with the Yoast SEO plugin v25.5 - https:\/\/yoast.com\/wordpress\/plugins\/seo\/ -->\n<title>Lib Embalagens e Sacolas de Papel &#8211; Embalagens e Sacolas de Papel<\/title>\n<meta name=\"description\" content=\"Funcionais, pr\u00e1ticas e bonitas. As sacolas de papel personalizadas s\u00e3o um \u00f3timo meio de divulga\u00e7\u00e3o da marca e do conceito de uma loja ou boutique.\" \/>\n<meta name=\"robots\" content=\"index, follow, max-snippet:-1, max-image-preview:large, max-video-preview:-1\" \/>\n<link rel=\"canonical\" href=\"https:\/\/libembalagens.com.br\/site\/\" \/>\n<meta property=\"og:locale\" content=\"pt_BR\" \/>\n<meta property=\"og:type\" content=\"article\" \/>\n<meta property=\"og:title\" content=\"Lib Embalagens e Sacolas de Papel &#8211; Embalagens e Sacolas de Papel\" \/>\n<meta property=\"og:description\" content=\"Funcionais, pr\u00e1ticas e bonitas. As sacolas de papel personalizadas s\u00e3o um \u00f3timo meio de divulga\u00e7\u00e3o da marca e do conceito de uma loja ou boutique.\" \/>\n<meta property=\"og:url\" content=\"https:\/\/libembalagens.com.br\/site\/\" \/>\n<meta property=\"og:site_name\" content=\"Lib Embalagens e Sacolas de Papel\" \/>\n<meta property=\"article:publisher\" content=\"https:\/\/www.facebook.com\/libembalagens\/\" \/>\n<meta property=\"article:modified_time\" content=\"2025-07-17T01:54:36+00:00\" \/>\n<meta property=\"og:image\" content=\"https:\/\/libembalagens.com.br\/site\/wp-content\/uploads\/2017\/06\/trabalhe-conosco1.png\" \/>\n\t<meta property=\"og:image:width\" content=\"747\" \/>\n\t<meta property=\"og:image:height\" content=\"575\" \/>\n\t<meta property=\"og:image:type\" content=\"image\/png\" \/>\n<meta name=\"twitter:card\" content=\"summary_large_image\" \/>\n<meta name=\"twitter:label1\" content=\"Est. tempo de leitura\" \/>\n\t<meta name=\"twitter:data1\" content=\"1 minuto\" \/>\n<script type=\"application\/ld+json\" class=\"yoast-schema-graph\">{\"@context\":\"https:\/\/schema.org\",\"@graph\":[{\"@type\":\"WebPage\",\"@id\":\"https:\/\/libembalagens.com.br\/site\/\",\"url\":\"https:\/\/libembalagens.com.br\/site\/\",\"name\":\"Lib Embalagens e Sacolas de Papel &#8211; Embalagens e Sacolas de Papel\",\"isPartOf\":{\"@id\":\"https:\/\/libembalagens.com.br\/site\/#website\"},\"primaryImageOfPage\":{\"@id\":\"https:\/\/libembalagens.com.br\/site\/#primaryimage\"},\"image\":{\"@id\":\"https:\/\/libembalagens.com.br\/site\/#primaryimage\"},\"thumbnailUrl\":\"https:\/\/libembalagens.com.br\/site\/\/wp-content\/uploads\/2017\/06\/trabalhe-conosco1-150x150.png\",\"datePublished\":\"2016-03-10T20:35:16+00:00\",\"dateModified\":\"2025-07-17T01:54:36+00:00\",\"description\":\"Funcionais, pr\u00e1ticas e bonitas. As sacolas de papel personalizadas s\u00e3o um \u00f3timo meio de divulga\u00e7\u00e3o da marca e do conceito de uma loja ou boutique.\",\"breadcrumb\":{\"@id\":\"https:\/\/libembalagens.com.br\/site\/#breadcrumb\"},\"inLanguage\":\"pt-BR\",\"potentialAction\":[{\"@type\":\"ReadAction\",\"target\":[\"https:\/\/libembalagens.com.br\/site\/\"]}]},{\"@type\":\"ImageObject\",\"inLanguage\":\"pt-BR\",\"@id\":\"https:\/\/libembalagens.com.br\/site\/#primaryimage\",\"url\":\"https:\/\/libembalagens.com.br\/site\/wp-content\/uploads\/2017\/06\/trabalhe-conosco1.png\",\"contentUrl\":\"https:\/\/libembalagens.com.br\/site\/wp-content\/uploads\/2017\/06\/trabalhe-conosco1.png\",\"width\":747,\"height\":575,\"caption\":\"Sacolas Personalizadas\"},{\"@type\":\"BreadcrumbList\",\"@id\":\"https:\/\/libembalagens.com.br\/site\/#breadcrumb\",\"itemListElement\":[{\"@type\":\"ListItem\",\"position\":1,\"name\":\"In\u00edcio\",\"item\":\"https:\/\/libembalagens.com.br\/site\/\"},{\"@type\":\"ListItem\",\"position\":2,\"name\":\"Home\"}]},{\"@type\":\"WebSite\",\"@id\":\"https:\/\/libembalagens.com.br\/site\/#website\",\"url\":\"https:\/\/libembalagens.com.br\/site\/\",\"name\":\"Lib Embalagens e Sacolas de Papel\",\"description\":\"Sacolas de papel e emabalagens personalizadas. Sua marca aonde o seu cliente for!\",\"publisher\":{\"@id\":\"https:\/\/libembalagens.com.br\/site\/#organization\"},\"potentialAction\":[{\"@type\":\"SearchAction\",\"target\":{\"@type\":\"EntryPoint\",\"urlTemplate\":\"https:\/\/libembalagens.com.br\/site\/?s={search_term_string}\"},\"query-input\":{\"@type\":\"PropertyValueSpecification\",\"valueRequired\":true,\"valueName\":\"search_term_string\"}}],\"inLanguage\":\"pt-BR\"},{\"@type\":\"Organization\",\"@id\":\"https:\/\/libembalagens.com.br\/site\/#organization\",\"name\":\"Lib Embalagens e Sacolas de Papel\",\"url\":\"https:\/\/libembalagens.com.br\/site\/\",\"logo\":{\"@type\":\"ImageObject\",\"inLanguage\":\"pt-BR\",\"@id\":\"https:\/\/libembalagens.com.br\/site\/#\/schema\/logo\/image\/\",\"url\":\"https:\/\/libembalagens.com.br\/site\/wp-content\/uploads\/2025\/07\/cropped-Sem-nome-300-x-300-px.png\",\"contentUrl\":\"https:\/\/libembalagens.com.br\/site\/wp-content\/uploads\/2025\/07\/cropped-Sem-nome-300-x-300-px.png\",\"width\":512,\"height\":512,\"caption\":\"Lib Embalagens e Sacolas de Papel\"},\"image\":{\"@id\":\"https:\/\/libembalagens.com.br\/site\/#\/schema\/logo\/image\/\"},\"sameAs\":[\"https:\/\/www.facebook.com\/libembalagens\/\"]}]}<\/script>\n<!-- \/ Yoast SEO plugin. -->","yoast_head_json":{"title":"Lib Embalagens e Sacolas de Papel &#8211; Embalagens e Sacolas de Papel","description":"Funcionais, pr\u00e1ticas e bonitas. As sacolas de papel personalizadas s\u00e3o um \u00f3timo meio de divulga\u00e7\u00e3o da marca e do conceito de uma loja ou boutique.","robots":{"index":"index","follow":"follow","max-snippet":"max-snippet:-1","max-image-preview":"max-image-preview:large","max-video-preview":"max-video-preview:-1"},"canonical":"https:\/\/libembalagens.com.br\/site\/","og_locale":"pt_BR","og_type":"article","og_title":"Lib Embalagens e Sacolas de Papel &#8211; Embalagens e Sacolas de Papel","og_description":"Funcionais, pr\u00e1ticas e bonitas. As sacolas de papel personalizadas s\u00e3o um \u00f3timo meio de divulga\u00e7\u00e3o da marca e do conceito de uma loja ou boutique.","og_url":"https:\/\/libembalagens.com.br\/site\/","og_site_name":"Lib Embalagens e Sacolas de Papel","article_publisher":"https:\/\/www.facebook.com\/libembalagens\/","article_modified_time":"2025-07-17T01:54:36+00:00","og_image":[{"width":747,"height":575,"url":"https:\/\/libembalagens.com.br\/site\/wp-content\/uploads\/2017\/06\/trabalhe-conosco1.png","type":"image\/png"}],"twitter_card":"summary_large_image","twitter_misc":{"Est. tempo de leitura":"1 minuto"},"schema":{"@context":"https:\/\/schema.org","@graph":[{"@type":"WebPage","@id":"https:\/\/libembalagens.com.br\/site\/","url":"https:\/\/libembalagens.com.br\/site\/","name":"Lib Embalagens e Sacolas de Papel &#8211; Embalagens e Sacolas de Papel","isPartOf":{"@id":"https:\/\/libembalagens.com.br\/site\/#website"},"primaryImageOfPage":{"@id":"https:\/\/libembalagens.com.br\/site\/#primaryimage"},"image":{"@id":"https:\/\/libembalagens.com.br\/site\/#primaryimage"},"thumbnailUrl":"https:\/\/libembalagens.com.br\/site\/\/wp-content\/uploads\/2017\/06\/trabalhe-conosco1-150x150.png","datePublished":"2016-03-10T20:35:16+00:00","dateModified":"2025-07-17T01:54:36+00:00","description":"Funcionais, pr\u00e1ticas e bonitas. As sacolas de papel personalizadas s\u00e3o um \u00f3timo meio de divulga\u00e7\u00e3o da marca e do conceito de uma loja ou boutique.","breadcrumb":{"@id":"https:\/\/libembalagens.com.br\/site\/#breadcrumb"},"inLanguage":"pt-BR","potentialAction":[{"@type":"ReadAction","target":["https:\/\/libembalagens.com.br\/site\/"]}]},{"@type":"ImageObject","inLanguage":"pt-BR","@id":"https:\/\/libembalagens.com.br\/site\/#primaryimage","url":"https:\/\/libembalagens.com.br\/site\/wp-content\/uploads\/2017\/06\/trabalhe-conosco1.png","contentUrl":"https:\/\/libembalagens.com.br\/site\/wp-content\/uploads\/2017\/06\/trabalhe-conosco1.png","width":747,"height":575,"caption":"Sacolas Personalizadas"},{"@type":"BreadcrumbList","@id":"https:\/\/libembalagens.com.br\/site\/#breadcrumb","itemListElement":[{"@type":"ListItem","position":1,"name":"In\u00edcio","item":"https:\/\/libembalagens.com.br\/site\/"},{"@type":"ListItem","position":2,"name":"Home"}]},{"@type":"WebSite","@id":"https:\/\/libembalagens.com.br\/site\/#website","url":"https:\/\/libembalagens.com.br\/site\/","name":"Lib Embalagens e Sacolas de Papel","description":"Sacolas de papel e emabalagens personalizadas. Sua marca aonde o seu cliente for!","publisher":{"@id":"https:\/\/libembalagens.com.br\/site\/#organization"},"potentialAction":[{"@type":"SearchAction","target":{"@type":"EntryPoint","urlTemplate":"https:\/\/libembalagens.com.br\/site\/?s={search_term_string}"},"query-input":{"@type":"PropertyValueSpecification","valueRequired":true,"valueName":"search_term_string"}}],"inLanguage":"pt-BR"},{"@type":"Organization","@id":"https:\/\/libembalagens.com.br\/site\/#organization","name":"Lib Embalagens e Sacolas de Papel","url":"https:\/\/libembalagens.com.br\/site\/","logo":{"@type":"ImageObject","inLanguage":"pt-BR","@id":"https:\/\/libembalagens.com.br\/site\/#\/schema\/logo\/image\/","url":"https:\/\/libembalagens.com.br\/site\/wp-content\/uploads\/2025\/07\/cropped-Sem-nome-300-x-300-px.png","contentUrl":"https:\/\/libembalagens.com.br\/site\/wp-content\/uploads\/2025\/07\/cropped-Sem-nome-300-x-300-px.png","width":512,"height":512,"caption":"Lib Embalagens e Sacolas de Papel"},"image":{"@id":"https:\/\/libembalagens.com.br\/site\/#\/schema\/logo\/image\/"},"sameAs":["https:\/\/www.facebook.com\/libembalagens\/"]}]}},"_links":{"self":[{"href":"https:\/\/libembalagens.com.br\/site\/wp-json\/wp\/v2\/pages\/693","targetHints":{"allow":["GET"]}}],"collection":[{"href":"https:\/\/libembalagens.com.br\/site\/wp-json\/wp\/v2\/pages"}],"about":[{"href":"https:\/\/libembalagens.com.br\/site\/wp-json\/wp\/v2\/types\/page"}],"author":[{"embeddable":true,"href":"https:\/\/libembalagens.com.br\/site\/wp-json\/wp\/v2\/users\/2"}],"replies":[{"embeddable":true,"href":"https:\/\/libembalagens.com.br\/site\/wp-json\/wp\/v2\/comments?post=693"}],"version-history":[{"count":170,"href":"https:\/\/libembalagens.com.br\/site\/wp-json\/wp\/v2\/pages\/693\/revisions"}],"predecessor-version":[{"id":36983,"href":"https:\/\/libembalagens.com.br\/site\/wp-json\/wp\/v2\/pages\/693\/revisions\/36983"}],"wp:attachment":[{"href":"https:\/\/libembalagens.com.br\/site\/wp-json\/wp\/v2\/media?parent=693"}],"curies":[{"name":"wp","href":"https:\/\/api.w.org\/{rel}","templated":true}]}}